{"id":365,"date":"2020-01-08T15:59:35","date_gmt":"2020-01-08T15:59:35","guid":{"rendered":"https:\/\/www.marval-international.com\/?page_id=365"},"modified":"2020-02-17T19:47:28","modified_gmt":"2020-02-17T19:47:28","slug":"forniture-allingrosso","status":"publish","type":"page","link":"https:\/\/www.marval-international.com\/index.php\/servizi\/forniture-allingrosso\/","title":{"rendered":"Forniture all&#8217;ingrosso"},"content":{"rendered":"<p>[et_pb_section fb_built=&#8221;1&#8243; _builder_version=&#8221;4.0.11&#8243; background_color=&#8221;#e76708&#8243; box_shadow_style=&#8221;preset2&#8243;][et_pb_row _builder_version=&#8221;4.0.11&#8243;][et_pb_column type=&#8221;4_4&#8243; _builder_version=&#8221;4.0.11&#8243;][et_pb_text _builder_version=&#8221;4.0.11&#8243; text_font=&#8221;|600|||||||&#8221; text_text_color=&#8221;#ffffff&#8221; text_font_size=&#8221;35px&#8221; text_font_size_tablet=&#8221;&#8221; text_font_size_phone=&#8221;27px&#8221; text_font_size_last_edited=&#8221;on|phone&#8221;]<\/p>\n<p>FORNITURE ALL&#8217;INGROSSO<\/p>\n<p>[\/et_pb_text][\/et_pb_column][\/et_pb_row][\/et_pb_section][et_pb_section fb_built=&#8221;1&#8243; _builder_version=&#8221;4.0.11&#8243; background_color=&#8221;#fffff&#8221;][et_pb_row _builder_version=&#8221;4.0.11&#8243;][et_pb_column type=&#8221;4_4&#8243; _builder_version=&#8221;4.0.11&#8243;][et_pb_text _builder_version=&#8221;4.0.11&#8243; text_font=&#8221;|600|on||||||&#8221; text_text_color=&#8221;#333333&#8243; text_font_size=&#8221;21px&#8221;]<\/p>\n<p style=\"text-align: left;\">Hai bisogno di forniture all&#8217;Ingrosso?<\/p>\n<p>[\/et_pb_text][et_pb_text _builder_version=&#8221;4.0.11&#8243; text_font=&#8221;||on||||||&#8221; text_text_color=&#8221;#333333&#8243; text_font_size=&#8221;23px&#8221; text_font_size_tablet=&#8221;&#8221; text_font_size_phone=&#8221;16px&#8221; text_font_size_last_edited=&#8221;on|phone&#8221;]<\/p>\n<p style=\"text-align: justify;\">Ecco perch\u00e9 <strong>Marval<\/strong> \u00e8 la soluzione su misura per te:<\/p>\n<p>[\/et_pb_text][\/et_pb_column][\/et_pb_row][et_pb_row column_structure=&#8221;1_2,1_2&#8243; _builder_version=&#8221;4.0.11&#8243;][et_pb_column type=&#8221;1_2&#8243; _builder_version=&#8221;4.0.11&#8243;][et_pb_blurb title=&#8221;RISPARMI TEMPO E DENARO&#8221; _builder_version=&#8221;4.3.2&#8243; header_font=&#8221;|600||||on|||&#8221; body_font=&#8221;||on||||||&#8221; body_text_color=&#8221;#ffffff&#8221; background_color=&#8221;#e76708&#8243; background_layout=&#8221;dark&#8221; custom_padding=&#8221;18px|37px|18px|37px|true|true&#8221; hover_enabled=&#8221;0&#8243; box_shadow_style=&#8221;preset1&#8243;]<\/p>\n<p style=\"text-align: justify;\">Ci occupiamo di tutto noi, dal <strong>sourcing della merce<\/strong>, al <strong>controllo della qualit\u00e0<\/strong> e delle <strong>certificazioni<\/strong>, fino ad arrivare allo <strong>sdoganamento<\/strong> e alla consegna a domicilio. Invece di interfacciarti con fornitori cinesi, ditte di importazione e dogane, avrai un unico interlocutore: il team di Marval International!<\/p>\n<p>[\/et_pb_blurb][et_pb_blurb title=&#8221;   TUTELA NELL&#8217;ACQUISTO &#8221; _builder_version=&#8221;4.3.2&#8243; header_font=&#8221;|600||||on|||&#8221; body_font=&#8221;||on||||||&#8221; body_text_color=&#8221;#ffffff&#8221; background_color=&#8221;#e76708&#8243; background_layout=&#8221;dark&#8221; custom_padding=&#8221;18px|37px|18px|37px|true|true&#8221; hover_enabled=&#8221;0&#8243; box_shadow_style=&#8221;preset1&#8243;]<\/p>\n<p style=\"text-align: justify;\">Il nostro team \u00e8 specializzato da anni nelle forniture per ingrossi, aziende e distributori, conosciamo tutte le problematiche legati all\u2019acquisto e all\u2019importazione di merce dalla Cina.<\/p>\n<p>[\/et_pb_blurb][\/et_pb_column][et_pb_column type=&#8221;1_2&#8243; _builder_version=&#8221;4.0.11&#8243;][et_pb_blurb title=&#8221; MIGLIOR RAPPORTO QUALIT\u00c0\/PREZZO &#8221; _builder_version=&#8221;4.3.2&#8243; header_font=&#8221;|600||||on|||&#8221; body_font=&#8221;||on||||||&#8221; body_text_color=&#8221;#ffffff&#8221; background_color=&#8221;#e76708&#8243; background_layout=&#8221;dark&#8221; custom_padding=&#8221;18px|37px|18px|37px|true|true&#8221; hover_enabled=&#8221;0&#8243; box_shadow_style=&#8221;preset1&#8243;]<\/p>\n<p style=\"text-align: justify;\">Con Marval sei sicuro di ci\u00f2 che stai ordinando e del suo prezzo. Il nostro team in Cina ricerca per te solo <strong>fornitori certificati,<\/strong> controlla che la merce abbia tutta la <strong>documentazione<\/strong> necessaria per essere importata e distribuita nel mercato target, esamina la qualit\u00e0 della merce in loco prima della spedizione.<\/p>\n<p>[\/et_pb_blurb][et_pb_blurb title=&#8221; ZERO RISCHI&#8221; _builder_version=&#8221;4.0.11&#8243; header_font=&#8221;|600||||on|||&#8221; body_font=&#8221;||on||||||&#8221; body_text_color=&#8221;#ffffff&#8221; background_color=&#8221;#e76708&#8243; background_layout=&#8221;dark&#8221; custom_padding=&#8221;18px|37px|18px|37px|true|true&#8221; box_shadow_style=&#8221;preset1&#8243;]<\/p>\n<p style=\"text-align: justify;\">La nostra esperienza ti permetter\u00e0 di avere sin da subito certezza sulla data di arrivo della tua merce e il suo prezzo finale. Non avrai mai brutte sorprese!<\/p>\n<p>[\/et_pb_blurb][\/et_pb_column][\/et_pb_row][\/et_pb_section]<\/p>\n","protected":false},"excerpt":{"rendered":"<p>FORNITURE ALL&#8217;INGROSSOHai bisogno di forniture all&#8217;Ingrosso?Ecco perch\u00e9 Marval \u00e8 la soluzione su misura per te:Ci occupiamo di tutto noi, dal sourcing della merce, al controllo della qualit\u00e0 e delle certificazioni, fino ad arrivare allo sdoganamento e alla consegna a domicilio. Invece di interfacciarti con fornitori cinesi, ditte di importazione e dogane, avrai un unico interlocutore: [&hellip;]<\/p>\n","protected":false},"author":1,"featured_media":0,"parent":91,"menu_order":0,"comment_status":"closed","ping_status":"closed","template":"","meta":{"_et_pb_use_builder":"on","_et_pb_old_content":"","_et_gb_content_width":"","footnotes":""},"_links":{"self":[{"href":"https:\/\/www.marval-international.com\/index.php\/wp-json\/wp\/v2\/pages\/365"}],"collection":[{"href":"https:\/\/www.marval-international.com\/index.php\/wp-json\/wp\/v2\/pages"}],"about":[{"href":"https:\/\/www.marval-international.com\/index.php\/wp-json\/wp\/v2\/types\/page"}],"author":[{"embeddable":true,"href":"https:\/\/www.marval-international.com\/index.php\/wp-json\/wp\/v2\/users\/1"}],"replies":[{"embeddable":true,"href":"https:\/\/www.marval-international.com\/index.php\/wp-json\/wp\/v2\/comments?post=365"}],"version-history":[{"count":4,"href":"https:\/\/www.marval-international.com\/index.php\/wp-json\/wp\/v2\/pages\/365\/revisions"}],"predecessor-version":[{"id":902,"href":"https:\/\/www.marval-international.com\/index.php\/wp-json\/wp\/v2\/pages\/365\/revisions\/902"}],"up":[{"embeddable":true,"href":"https:\/\/www.marval-international.com\/index.php\/wp-json\/wp\/v2\/pages\/91"}],"wp:attachment":[{"href":"https:\/\/www.marval-international.com\/index.php\/wp-json\/wp\/v2\/media?parent=365"}],"curies":[{"name":"wp","href":"https:\/\/api.w.org\/{rel}","templated":true}]}}