{"id":667,"date":"2020-02-08T17:33:33","date_gmt":"2020-02-08T17:33:33","guid":{"rendered":"https:\/\/www.marval-international.com\/?page_id=667"},"modified":"2021-06-28T15:29:17","modified_gmt":"2021-06-28T15:29:17","slug":"chi-siamo","status":"publish","type":"page","link":"https:\/\/www.marval-international.com\/index.php\/chi-siamo\/","title":{"rendered":"Chi siamo"},"content":{"rendered":"<p>[et_pb_section fb_built=&#8221;1&#8243; _builder_version=&#8221;4.3.2&#8243; background_video_mp4=&#8221;https:\/\/www.marval-international.com\/wp-content\/uploads\/2020\/02\/WhatsApp-Video-2020-02-08-at-17.46.30-1.mp4&#8243;][et_pb_row _builder_version=&#8221;4.3.2&#8243; custom_padding=&#8221;143px||151px|||&#8221;][et_pb_column type=&#8221;4_4&#8243; _builder_version=&#8221;4.3.2&#8243;][\/et_pb_column][\/et_pb_row][\/et_pb_section][et_pb_section fb_built=&#8221;1&#8243; _builder_version=&#8221;4.3.2&#8243; background_color=&#8221;#ffffff&#8221; background_enable_video_mp4=&#8221;off&#8221;][et_pb_row _builder_version=&#8221;4.3.2&#8243;][et_pb_column type=&#8221;4_4&#8243; _builder_version=&#8221;4.3.2&#8243;][et_pb_image src=&#8221;https:\/\/www.marval-international.com\/wp-content\/uploads\/2020\/02\/logomarval.png&#8221; align=&#8221;center&#8221; _builder_version=&#8221;4.3.2&#8243; width=&#8221;100%&#8221;][\/et_pb_image][et_pb_text _builder_version=&#8221;4.3.2&#8243; text_font=&#8221;||||||||&#8221; text_text_color=&#8221;#000000&#8243; text_font_size=&#8221;17px&#8221;]<\/p>\n<p>La<strong> Marval Trading<\/strong> \u00e8 una societ\u00e0 leader nel settore dell\u2019<strong>import-export<\/strong>, la cui mission \u00e8 quella di rendere pi\u00f9 competitive le <strong>PMI<\/strong> italiane nel contesto internazionale. I nostri principali servizi possono essere cos\u00ec riassunti:<\/p>\n<p>&#8211; <strong>Consulenza specilialistica<\/strong> nell\u2019attivit\u00e0 di importazione ed esportazione;<br \/> &#8211; Ricerca di <strong>factories<\/strong>, e quindi produttori certificati nei paesi asiatici ed arabi;<br \/> &#8211; <strong>Studi di fattibilit\u00e0<\/strong>, <strong>business plan<\/strong> e supporto all\u2019<strong>esternalizzaizone della produzione<\/strong> per il raggiungimento di obiettivi come l\u2019efficienza dei costi e\/o una maggior flessibilit\u00e0 nella struttura aziendale;<br \/> &#8211; Gestione di tutti gli aspetti <strong>burocratici<\/strong> relativi al processo di importazione: certificazioni, rispetto standard comunitari e nazionali, pianificazione doganale, test di laboratorio, contrattualistica, inconterms, assicurazioni, e gestione delle spedizioni.<br \/> &#8211; Fornitura per <strong>ingrossi<\/strong> ed <strong>aziende<\/strong> con l\u2019obiettivo di rendere pi\u00f9 competitive le aziende nel contesto nazionale ed internazionale.<\/p>\n<p>[\/et_pb_text][\/et_pb_column][\/et_pb_row][\/et_pb_section][et_pb_section fb_built=&#8221;1&#8243; _builder_version=&#8221;4.6.5&#8243; _module_preset=&#8221;default&#8221;][et_pb_row _builder_version=&#8221;4.6.5&#8243; _module_preset=&#8221;default&#8221;][et_pb_column _builder_version=&#8221;4.6.5&#8243; _module_preset=&#8221;default&#8221; type=&#8221;4_4&#8243;][et_pb_code _builder_version=&#8221;4.6.5&#8243; _module_preset=&#8221;default&#8221; hover_enabled=&#8221;0&#8243; sticky_enabled=&#8221;0&#8243;][\/et_pb_code][\/et_pb_column][\/et_pb_row][et_pb_row _builder_version=&#8221;4.6.5&#8243; _module_preset=&#8221;default&#8221;][et_pb_column _builder_version=&#8221;4.6.5&#8243; _module_preset=&#8221;default&#8221; type=&#8221;4_4&#8243;][et_pb_text _builder_version=&#8221;4.6.5&#8243; _module_preset=&#8221;default&#8221; link_option_url=&#8221;https:\/\/www.marval-international.com\/wp-content\/uploads\/2021\/06\/COMPANY-PROFILE-MARVAL-compresso-1.pdf&#8221; hover_enabled=&#8221;0&#8243; sticky_enabled=&#8221;0&#8243; custom_padding=&#8221;||4px|||&#8221;]<\/p>\n<h2 style=\"text-align: center;\"><strong>Company Profile Marval International<\/strong><\/h2>\n<p style=\"text-align: center;\"><strong>Clicca Qui<\/strong><\/p>\n<p>[\/et_pb_text][\/et_pb_column][\/et_pb_row][\/et_pb_section][et_pb_section fb_built=&#8221;1&#8243; _builder_version=&#8221;4.3.2&#8243; background_color=&#8221;#e76708&#8243; border_color_bottom=&#8221;#000000&#8243;][et_pb_row _builder_version=&#8221;4.3.2&#8243;][et_pb_column type=&#8221;4_4&#8243; _builder_version=&#8221;4.3.2&#8243;][et_pb_text _builder_version=&#8221;4.3.2&#8243; text_font=&#8221;|600||on|||||&#8221; text_text_color=&#8221;#ffffff&#8221; text_font_size=&#8221;22px&#8221; text_orientation=&#8221;center&#8221; width=&#8221;26%&#8221; width_tablet=&#8221;72%&#8221; width_phone=&#8221;89%&#8221; width_last_edited=&#8221;on|desktop&#8221; module_alignment=&#8221;center&#8221; border_width_bottom=&#8221;8px&#8221; border_color_bottom=&#8221;#000000&#8243;]<\/p>\n<p>CONTATTACI<\/p>\n<p>[\/et_pb_text][et_pb_contact_form captcha=&#8221;off&#8221; email=&#8221;amministrazione@marval-international.com&#8221; success_message=&#8221;Grazie! Il tuo messaggio \u00e8 stato inviato con successo!&#8221; _builder_version=&#8221;4.3.2&#8243; title_font=&#8221;||||||||&#8221; custom_button=&#8221;on&#8221; button_text_color=&#8221;#000000&#8243; button_bg_color=&#8221;#ffffff&#8221; button_border_color=&#8221;#ffffff&#8221; button_font=&#8221;|||||on|||&#8221; button_use_icon=&#8221;off&#8221; border_radii=&#8221;on|8px|8px|8px|8px&#8221; box_shadow_style=&#8221;preset2&#8243; box_shadow_horizontal=&#8221;1px&#8221; box_shadow_blur=&#8221;17px&#8221; box_shadow_spread=&#8221;1px&#8221; box_shadow_color=&#8221;rgba(0,0,0,0.07)&#8221; box_shadow_style_button=&#8221;preset1&#8243;][et_pb_contact_field field_id=&#8221;Name&#8221; field_title=&#8221;Nome&#8221; _builder_version=&#8221;3.16&#8243; button_text_size__hover_enabled=&#8221;off&#8221; button_one_text_size__hover_enabled=&#8221;off&#8221; button_two_text_size__hover_enabled=&#8221;off&#8221; button_text_color__hover_enabled=&#8221;off&#8221; button_one_text_color__hover_enabled=&#8221;off&#8221; button_two_text_color__hover_enabled=&#8221;off&#8221; button_border_width__hover_enabled=&#8221;off&#8221; button_one_border_width__hover_enabled=&#8221;off&#8221; button_two_border_width__hover_enabled=&#8221;off&#8221; button_border_color__hover_enabled=&#8221;off&#8221; button_one_border_color__hover_enabled=&#8221;off&#8221; button_two_border_color__hover_enabled=&#8221;off&#8221; button_border_radius__hover_enabled=&#8221;off&#8221; button_one_border_radius__hover_enabled=&#8221;off&#8221; button_two_border_radius__hover_enabled=&#8221;off&#8221; button_letter_spacing__hover_enabled=&#8221;off&#8221; button_one_letter_spacing__hover_enabled=&#8221;off&#8221; button_two_letter_spacing__hover_enabled=&#8221;off&#8221; button_bg_color__hover_enabled=&#8221;off&#8221; button_one_bg_color__hover_enabled=&#8221;off&#8221; button_two_bg_color__hover_enabled=&#8221;off&#8221;][\/et_pb_contact_field][et_pb_contact_field field_id=&#8221;ruolo&#8221; field_title=&#8221;Ruolo&#8221; _builder_version=&#8221;4.3.2&#8243; button_text_size__hover_enabled=&#8221;off&#8221; button_one_text_size__hover_enabled=&#8221;off&#8221; button_two_text_size__hover_enabled=&#8221;off&#8221; button_text_color__hover_enabled=&#8221;off&#8221; button_one_text_color__hover_enabled=&#8221;off&#8221; button_two_text_color__hover_enabled=&#8221;off&#8221; button_border_width__hover_enabled=&#8221;off&#8221; button_one_border_width__hover_enabled=&#8221;off&#8221; button_two_border_width__hover_enabled=&#8221;off&#8221; button_border_color__hover_enabled=&#8221;off&#8221; button_one_border_color__hover_enabled=&#8221;off&#8221; button_two_border_color__hover_enabled=&#8221;off&#8221; button_border_radius__hover_enabled=&#8221;off&#8221; button_one_border_radius__hover_enabled=&#8221;off&#8221; button_two_border_radius__hover_enabled=&#8221;off&#8221; button_letter_spacing__hover_enabled=&#8221;off&#8221; button_one_letter_spacing__hover_enabled=&#8221;off&#8221; button_two_letter_spacing__hover_enabled=&#8221;off&#8221; button_bg_color__hover_enabled=&#8221;off&#8221; button_one_bg_color__hover_enabled=&#8221;off&#8221; button_two_bg_color__hover_enabled=&#8221;off&#8221;][\/et_pb_contact_field][et_pb_contact_field field_id=&#8221;ruolo_2&#8243; field_title=&#8221;Num. Telefono&#8221; _builder_version=&#8221;4.3.2&#8243; button_text_size__hover_enabled=&#8221;off&#8221; button_one_text_size__hover_enabled=&#8221;off&#8221; button_two_text_size__hover_enabled=&#8221;off&#8221; button_text_color__hover_enabled=&#8221;off&#8221; button_one_text_color__hover_enabled=&#8221;off&#8221; button_two_text_color__hover_enabled=&#8221;off&#8221; button_border_width__hover_enabled=&#8221;off&#8221; button_one_border_width__hover_enabled=&#8221;off&#8221; button_two_border_width__hover_enabled=&#8221;off&#8221; button_border_color__hover_enabled=&#8221;off&#8221; button_one_border_color__hover_enabled=&#8221;off&#8221; button_two_border_color__hover_enabled=&#8221;off&#8221; button_border_radius__hover_enabled=&#8221;off&#8221; button_one_border_radius__hover_enabled=&#8221;off&#8221; button_two_border_radius__hover_enabled=&#8221;off&#8221; button_letter_spacing__hover_enabled=&#8221;off&#8221; button_one_letter_spacing__hover_enabled=&#8221;off&#8221; button_two_letter_spacing__hover_enabled=&#8221;off&#8221; button_bg_color__hover_enabled=&#8221;off&#8221; button_one_bg_color__hover_enabled=&#8221;off&#8221; button_two_bg_color__hover_enabled=&#8221;off&#8221;][\/et_pb_contact_field][et_pb_contact_field field_id=&#8221;Email&#8221; field_title=&#8221;Indirizzo e-mail&#8221; field_type=&#8221;email&#8221; _builder_version=&#8221;3.16&#8243; button_text_size__hover_enabled=&#8221;off&#8221; button_one_text_size__hover_enabled=&#8221;off&#8221; button_two_text_size__hover_enabled=&#8221;off&#8221; button_text_color__hover_enabled=&#8221;off&#8221; button_one_text_color__hover_enabled=&#8221;off&#8221; button_two_text_color__hover_enabled=&#8221;off&#8221; button_border_width__hover_enabled=&#8221;off&#8221; button_one_border_width__hover_enabled=&#8221;off&#8221; button_two_border_width__hover_enabled=&#8221;off&#8221; button_border_color__hover_enabled=&#8221;off&#8221; button_one_border_color__hover_enabled=&#8221;off&#8221; button_two_border_color__hover_enabled=&#8221;off&#8221; button_border_radius__hover_enabled=&#8221;off&#8221; button_one_border_radius__hover_enabled=&#8221;off&#8221; button_two_border_radius__hover_enabled=&#8221;off&#8221; button_letter_spacing__hover_enabled=&#8221;off&#8221; button_one_letter_spacing__hover_enabled=&#8221;off&#8221; button_two_letter_spacing__hover_enabled=&#8221;off&#8221; button_bg_color__hover_enabled=&#8221;off&#8221; button_one_bg_color__hover_enabled=&#8221;off&#8221; button_two_bg_color__hover_enabled=&#8221;off&#8221;][\/et_pb_contact_field][et_pb_contact_field field_id=&#8221;Message&#8221; field_title=&#8221;Messaggio&#8221; field_type=&#8221;text&#8221; fullwidth_field=&#8221;on&#8221; _builder_version=&#8221;3.16&#8243; button_text_size__hover_enabled=&#8221;off&#8221; button_one_text_size__hover_enabled=&#8221;off&#8221; button_two_text_size__hover_enabled=&#8221;off&#8221; button_text_color__hover_enabled=&#8221;off&#8221; button_one_text_color__hover_enabled=&#8221;off&#8221; button_two_text_color__hover_enabled=&#8221;off&#8221; button_border_width__hover_enabled=&#8221;off&#8221; button_one_border_width__hover_enabled=&#8221;off&#8221; button_two_border_width__hover_enabled=&#8221;off&#8221; button_border_color__hover_enabled=&#8221;off&#8221; button_one_border_color__hover_enabled=&#8221;off&#8221; button_two_border_color__hover_enabled=&#8221;off&#8221; button_border_radius__hover_enabled=&#8221;off&#8221; button_one_border_radius__hover_enabled=&#8221;off&#8221; button_two_border_radius__hover_enabled=&#8221;off&#8221; button_letter_spacing__hover_enabled=&#8221;off&#8221; button_one_letter_spacing__hover_enabled=&#8221;off&#8221; button_two_letter_spacing__hover_enabled=&#8221;off&#8221; button_bg_color__hover_enabled=&#8221;off&#8221; button_one_bg_color__hover_enabled=&#8221;off&#8221; button_two_bg_color__hover_enabled=&#8221;off&#8221;][\/et_pb_contact_field][\/et_pb_contact_form][\/et_pb_column][\/et_pb_row][\/et_pb_section]<\/p>\n","protected":false},"excerpt":{"rendered":"<p>La Marval Trading \u00e8 una societ\u00e0 leader nel settore dell\u2019import-export, la cui mission \u00e8 quella di rendere pi\u00f9 competitive le PMI italiane nel contesto internazionale. I nostri principali servizi possono essere cos\u00ec riassunti: &#8211; Consulenza specilialistica nell\u2019attivit\u00e0 di importazione ed esportazione; &#8211; Ricerca di factories, e quindi produttori certificati nei paesi asiatici ed arabi; &#8211; [&hellip;]<\/p>\n","protected":false},"author":1,"featured_media":0,"parent":0,"menu_order":0,"comment_status":"closed","ping_status":"closed","template":"","meta":{"_et_pb_use_builder":"on","_et_pb_old_content":"","_et_gb_content_width":"","footnotes":""},"_links":{"self":[{"href":"https:\/\/www.marval-international.com\/index.php\/wp-json\/wp\/v2\/pages\/667"}],"collection":[{"href":"https:\/\/www.marval-international.com\/index.php\/wp-json\/wp\/v2\/pages"}],"about":[{"href":"https:\/\/www.marval-international.com\/index.php\/wp-json\/wp\/v2\/types\/page"}],"author":[{"embeddable":true,"href":"https:\/\/www.marval-international.com\/index.php\/wp-json\/wp\/v2\/users\/1"}],"replies":[{"embeddable":true,"href":"https:\/\/www.marval-international.com\/index.php\/wp-json\/wp\/v2\/comments?post=667"}],"version-history":[{"count":8,"href":"https:\/\/www.marval-international.com\/index.php\/wp-json\/wp\/v2\/pages\/667\/revisions"}],"predecessor-version":[{"id":1664,"href":"https:\/\/www.marval-international.com\/index.php\/wp-json\/wp\/v2\/pages\/667\/revisions\/1664"}],"wp:attachment":[{"href":"https:\/\/www.marval-international.com\/index.php\/wp-json\/wp\/v2\/media?parent=667"}],"curies":[{"name":"wp","href":"https:\/\/api.w.org\/{rel}","templated":true}]}}